{"id":14356,"date":"2018-04-30T02:38:32","date_gmt":"2018-04-30T07:38:32","guid":{"rendered":"https:\/\/www.dekshield.com\/?page_id=14356"},"modified":"2018-04-30T02:38:32","modified_gmt":"2018-04-30T07:38:32","slug":"sistema-dek-rr","status":"publish","type":"page","link":"https:\/\/www.dekshield.com\/it\/sistema-dek-rr\/","title":{"rendered":"Sistema Dek-RR"},"content":{"rendered":"<div class=\"row \"><div class=\"wpv-grid grid-1-1 move-into-slider wpv-first-level first has-background unextended has-extended-padding\" style=\"background-color:#ff5200;padding-top:0.05px;padding-bottom:40px;\" id=\"wpv-column-31003c16803d073a775245f1ca737cda\" ><div class=\"extended-column-inner\"><style>#wpv-column-31003c16803d073a775245f1ca737cda p,#wpv-column-31003c16803d073a775245f1ca737cda em,#wpv-column-31003c16803d073a775245f1ca737cda h1,#wpv-column-31003c16803d073a775245f1ca737cda h2,#wpv-column-31003c16803d073a775245f1ca737cda h3,#wpv-column-31003c16803d073a775245f1ca737cda h4,#wpv-column-31003c16803d073a775245f1ca737cda h5,#wpv-column-31003c16803d073a775245f1ca737cda h6,#wpv-column-31003c16803d073a775245f1ca737cda .column-title,#wpv-column-31003c16803d073a775245f1ca737cda .sep-text h2.regular-title-wrapper,#wpv-column-31003c16803d073a775245f1ca737cda .text-divider-double,#wpv-column-31003c16803d073a775245f1ca737cda .sep-text .sep-text-line,#wpv-column-31003c16803d073a775245f1ca737cda .sep,#wpv-column-31003c16803d073a775245f1ca737cda .sep-2,#wpv-column-31003c16803d073a775245f1ca737cda .sep-3,#wpv-column-31003c16803d073a775245f1ca737cda td,#wpv-column-31003c16803d073a775245f1ca737cda th,#wpv-column-31003c16803d073a775245f1ca737cda caption{color:#fff;}#wpv-column-31003c16803d073a775245f1ca737cda:before{background-color:transparent;}<\/style><div class=\"row \"><div class=\"wpv-grid grid-1-1  first unextended no-extended-padding\" style=\"padding-top:0.05px;padding-bottom:0.05px;\" id=\"wpv-column-bbb4d3faadfe5a9c1b0e6dd704279cd7\" ><\/div><\/div>\n<div class=\"push  wpv-hide-lowres\" style=\"height:0px\"><\/div>\n<img decoding=\"async\" loading=\"lazy\" class=\"aligncenter size-full wp-image-9830\" src=\"https:\/\/www.dekshield.com\/wp-content\/uploads\/2017\/11\/Dek-RR-Syestem.png\" alt=\"cask\" width=\"300\" height=\"200\" \/><br \/>\n<div class=\"push  wpv-hide-lowres\" style=\"margin-bottom:-50px\"><\/div>\n<div class=\"row \"><div class=\"wpv-grid grid-1-1  wpv-first-level first unextended no-extended-padding\" style=\"padding-top:0.05px;padding-bottom:0.05px;\" id=\"wpv-column-8249cb3b6a75703dacb2994b08856720\" ><\/div><\/div>\n<section id=\"overview\"><\/div><\/div><\/div><div class=\"row \"><div class=\"wpv-grid grid-1-1  wpv-first-level first extended has-extended-padding\" style=\"padding-top:0.05px;padding-bottom:0.05px;\" id=\"wpv-column-2fd08673fc0f41d99db4a844f43f39c8\" ><div class=\"limit-wrapper\"><div class=\"extended-column-inner\"><div class=\"row \"><div class=\"wpv-grid grid-1-2  first unextended no-extended-padding\" style=\"padding-top:0.05px;padding-bottom:0.05px;\" id=\"wpv-column-e03f3fe07ce23ca4d25b1747f4629278\" ><h1 style=\"text-align: center; color: white; background-color: #ff5200;\">PANORAMICA<\/h1>\n<h4 id=\"overview\" style=\"text-align: left;\"><\/h4>\n<h4 id=\"overview\" style=\"text-align: justify;\"><span style=\"color: #000000;\">Dek-RR \u00e8 un lattice impermeabilizzante a base di resine sintetiche elastiche concentrate in emulsione acquosa, specificamente progettato per l&#8217;impermeabilizzazione di ponti ferroviari in calcestruzzo e prevenire e fermare gli effetti dannosi delle condizioni atmosferiche. La liquidit\u00e0 di Dek-RR consente di riempire qualsiasi micro-fessurazione nel ponte di cemento. L&#8217;applicazione del prodotto \u00e8 semplice, rapida e sicura. Non \u00e8 richiesta la rimozione di binari, traversine e zavorre. I tempi di interruzione di servizio sono minimi.<\/span><\/h4>\n<h4 id=\"overview\" style=\"text-align: justify;\"><span style=\"color: #000000;\">Sia il primer che la soluzione impermeabilizzante possono essere applicati attraverso \u201cun dispositivo di spruzzo\u201d. Dopo ave spruzzato la soluzione su un ponte ferroviario, lasciare asciugare (per un\u2019ora) permettendo la penetrazione nel profondo del ponte. La copertura approssimativa \u00e8 6 yard quadrate per gallone di soluzione (il valore dipende dalle condizioni del substrato).<\/span><\/h4><\/div>\n<div class=\"wpv-grid grid-1-2  unextended no-extended-padding\" style=\"padding-top:0.05px;padding-bottom:0.05px;\" id=\"wpv-column-aa167c28cbf40d587d65c6b97a4b3620\" ><h1 style=\"text-align: center; color: white; background-color: #ff5200;\">VIDEO<\/h1>\n<div class=\"embed-container\"><iframe loading=\"lazy\" src=\"https:\/\/player.vimeo.com\/video\/267075244?title=0&amp;byline=0&amp;portrait=0\" width=\"640\" height=\"360\" frameborder=\"0\" allowfullscreen=\"allowfullscreen\"><\/iframe><\/div><\/div><\/div><\/div><\/div><\/div><\/div>\n<div class=\"push \" style=\"height:20px\"><\/div>\n","protected":false},"excerpt":{"rendered":"<p>PANORAMICA Dek-RR \u00e8 un lattice impermeabilizzante a base di resine sintetiche elastiche concentrate in emulsione acquosa, specificamente progettato per l&#8217;impermeabilizzazione di ponti ferroviari in calcestruzzo e prevenire e fermare gli effetti dannosi delle condizioni atmosferiche. La liquidit\u00e0 di Dek-RR consente di riempire qualsiasi micro-fessurazione nel ponte di cemento. L&#8217;applicazione del prodotto \u00e8 semplice, rapida e&#8230;<\/p>\n","protected":false},"author":1,"featured_media":0,"parent":0,"menu_order":0,"comment_status":"closed","ping_status":"closed","template":"","meta":[],"_links":{"self":[{"href":"https:\/\/www.dekshield.com\/it\/wp-json\/wp\/v2\/pages\/14356\/"}],"collection":[{"href":"https:\/\/www.dekshield.com\/it\/wp-json\/wp\/v2\/pages\/"}],"about":[{"href":"https:\/\/www.dekshield.com\/it\/wp-json\/wp\/v2\/types\/page\/"}],"author":[{"embeddable":true,"href":"https:\/\/www.dekshield.com\/it\/wp-json\/wp\/v2\/users\/1\/"}],"replies":[{"embeddable":true,"href":"https:\/\/www.dekshield.com\/it\/wp-json\/wp\/v2\/comments\/?post=14356"}],"version-history":[{"count":4,"href":"https:\/\/www.dekshield.com\/it\/wp-json\/wp\/v2\/pages\/14356\/revisions\/"}],"predecessor-version":[{"id":14360,"href":"https:\/\/www.dekshield.com\/it\/wp-json\/wp\/v2\/pages\/14356\/revisions\/14360\/"}],"wp:attachment":[{"href":"https:\/\/www.dekshield.com\/it\/wp-json\/wp\/v2\/media\/?parent=14356"}],"curies":[{"name":"wp","href":"https:\/\/api.w.org\/{rel}","templated":true}]}}