{"id":14259,"date":"2018-03-18T01:49:40","date_gmt":"2018-03-18T06:49:40","guid":{"rendered":"https:\/\/www.dekshield.com\/?page_id=14259"},"modified":"2018-03-18T01:49:40","modified_gmt":"2018-03-18T06:49:40","slug":"dri-prime","status":"publish","type":"page","link":"https:\/\/www.dekshield.com\/it\/dri-prime\/","title":{"rendered":"Dri-Prime"},"content":{"rendered":"<div class=\"limit-wrapper\"><div class=\"row \"><div class=\"wpv-grid grid-1-1 move-into-slider wpv-first-level first unextended has-extended-padding\" style=\"padding-top:0.05px;padding-bottom:40px;\" id=\"wpv-column-0b7f3f3b9f6e61b9d4b9eed22c448443\" ><div class=\"row \"><div class=\"wpv-grid grid-1-1  first unextended no-extended-padding\" style=\"padding-top:0.05px;padding-bottom:0.05px;\" id=\"wpv-column-f8954e0ca46d984314a265f6c8fc4a7a\" ><div class=\"push  wpv-hide-lowres\" style=\"height:0px\"><\/div>\n<img decoding=\"async\" loading=\"lazy\" class=\"aligncenter size-full wp-image-9830\" src=\"https:\/\/www.dekshield.com\/wp-content\/uploads\/2017\/11\/Dri-Shield-Syestem.png\" alt=\"cask\" width=\"300\" height=\"200\" \/><br \/>\n<div class=\"push  wpv-hide-lowres\" style=\"margin-bottom:-50px\"><\/div>\n<h3 style=\"text-align: center; font-size: 30px;\">La <b>Dri-Prime <\/b>Primer<\/h3><\/div><\/div>\n<div class=\"row \"><div class=\"wpv-grid grid-1-1  first extended has-extended-padding\" style=\"padding-top:0.05px;padding-bottom:0.05px;\" id=\"wpv-column-a293aaa780d8735c5236aa6f907d51e0\" ><div class=\"limit-wrapper\"><div class=\"extended-column-inner\"><div class=\"row \"><div class=\"wpv-grid grid-1-1  first unextended no-extended-padding\" style=\"padding-top:0.05px;padding-bottom:0.05px;\" id=\"wpv-column-baa89c0b1c0d0cd36ce6b0a4a2c771f7\" ><h4 style=\"text-align: center;\">Grazie alle sue propriet\u00e0 di adesione, Dri-Prime, primer liquido parzialmente viscoso, assicura un legame duraturo tra la superficie dell&#8217;impalcato e le membrane impermeabilizzanti. \u00c8 un primer in un&#8217;emulsione d&#8217;acqua progettata e progettata per l&#8217;uso con le nostre membrane impermeabilizzanti preformate. \u00c8 la fase pi\u00f9 importante dell&#8217;installazione dei nostri sistemi impermeabilizzanti.<\/h4><\/div><\/div>\n<div class=\"push \" style=\"height:0px\"><\/div><\/div><\/div><\/div><\/div>\n<div class=\"row \"><div class=\"wpv-grid grid-1-1  first unextended animation-zoom-in animated-active no-extended-padding\" style=\"padding-top:0.05px;padding-bottom:0.05px;\" id=\"wpv-column-9794796b025192ee383e85f26b40842d\" ><h1 id=\"components\" style=\"text-align: center; color: white; center; background-color: #ff5200;\">COMPOSIZIONE<\/h1>\n<h4 style=\"text-align: center;\">Dri-prime \u00e8 prodotto con bitume distillato, acqua e altri additivi che assicurano una rapida asciugatura e ulteriori propriet\u00e0 aggiuntive. Questi componenti si legano fra loro, dando al primer un aspetto di colore marrone.<\/h4><\/div><\/div>\n<div class=\"push \" style=\"height:0px\"><\/div>\n<div class=\"row \"><div class=\"wpv-grid grid-1-1  wpv-first-level first unextended has-extended-padding\" style=\"padding-top:0.05px;padding-bottom:0.05px;\" id=\"wpv-column-c02f180212af97964c17c7b87aaa97ca\" ><\/div><\/div>\n<div class=\"row \"><div class=\"wpv-grid grid-1-1  first unextended no-extended-padding\" style=\"padding-top:0.05px;padding-bottom:0.05px;\" id=\"wpv-column-e7dd0384d36a7cb54e6ac6e8e534f3d2\" ><h1 id=\"features\" style=\"text-align: center; color: white; background-color: #ff5200;\">PUNTI DI FORZA<\/h1>\n<h4 style=\"text-align: center;\">A differenza di altri primer a basso standard, Dri-Prime contiene i seguenti componenti che lo rendono migliore.<\/h4><\/div><\/div>\n<div class=\"row \"><div class=\"wpv-grid grid-1-3  first unextended no-extended-padding\" style=\"padding-top:0.05px;padding-bottom:0.05px;\" id=\"wpv-column-5d73292442957bc4d922276c9628f0f8\" ><div class=\"services clearfix fullimage no-image has-icon no-button \" style=\"text-align:center;\">\n\t<div class=\"services-inside\">\n\t\t\t\t\t\t\t\t\t<div class=\"thumbnail\">\n\t\t\t\t\t\t\t\t\t\t\t\t\t\t\t\t\t\t<span class='icon shortcode   use-hover' style='color:#2B2F34;font-size:62px !important;'>&#57847;<\/span>\t\t\t\t\t\t\t\t\t\t\t\t\t\t\t<\/div>\n\t\t\t\t\t\t\t\t\t<div class=\"sep-2\"><\/div>\n\t\t\t\t\t\t\t\t\t\t\t\t\t\t<h4 class=\"services-title\">\n\t\t\t\t\t\t\t\t\tRapida Asciugatura\t\t\t\t\t\t\t<\/h4>\n\t\t\t\t\t\t\t<div class=\"services-content\">\nEssendo il tempo un fattore importante per un progetto di costruzione, Dri-Prime \u00e8 ad asciugatura rapida, permettendo l&#8217;installazione tempestiva delle membrane impermeabilizzanti preformate. Questo vantaggio ti consente di risparmiare tempo e risorse.<br \/>\n<\/div>\n\t\t\t\t\t<\/div>\n<\/div>\n<\/div>\n<div class=\"wpv-grid grid-1-3  unextended no-extended-padding\" style=\"padding-top:0.05px;padding-bottom:0.05px;\" id=\"wpv-column-1de34b7c6e65699f8f3ed3a6a66855b9\" ><div class=\"services clearfix fullimage no-image has-icon no-button \" style=\"text-align:center;\">\n\t<div class=\"services-inside\">\n\t\t\t\t\t\t\t\t\t<div class=\"thumbnail\">\n\t\t\t\t\t\t\t\t\t\t\t\t\t\t\t\t\t\t<span class='icon shortcode   use-hover' style='color:#2B2F34;font-size:62px !important;'>&#57738;<\/span>\t\t\t\t\t\t\t\t\t\t\t\t\t\t\t<\/div>\n\t\t\t\t\t\t\t\t\t<div class=\"sep-2\"><\/div>\n\t\t\t\t\t\t\t\t\t\t\t\t\t\t<h4 class=\"services-title\">\n\t\t\t\t\t\t\t\t\tBuona Adesione\t\t\t\t\t\t\t<\/h4>\n\t\t\t\t\t\t\t<div class=\"services-content\">\nDri-Prime serve a scopi di adesione duraturi per la membrana impermeabilizzante. Ci\u00f2 rende il sistema di impermeabilizzazione sempre cos\u00ec affidabile.<br \/>\n<\/div>\n\t\t\t\t\t<\/div>\n<\/div>\n<\/div>\n<div class=\"wpv-grid grid-1-3  unextended no-extended-padding\" style=\"padding-top:0.05px;padding-bottom:0.05px;\" id=\"wpv-column-82de28127898f6af83934171f247c0b8\" ><div class=\"services clearfix fullimage no-image has-icon no-button \" style=\"text-align:center;\">\n\t<div class=\"services-inside\">\n\t\t\t\t\t\t\t\t\t<div class=\"thumbnail\">\n\t\t\t\t\t\t\t\t\t\t\t\t\t\t\t\t\t\t<span class='icon shortcode   use-hover' style='color:#2B2F34;font-size:62px !important;'>&#57944;<\/span>\t\t\t\t\t\t\t\t\t\t\t\t\t\t\t<\/div>\n\t\t\t\t\t\t\t\t\t<div class=\"sep-2\"><\/div>\n\t\t\t\t\t\t\t\t\t\t\t\t\t\t<h4 class=\"services-title\">\n\t\t\t\t\t\t\t\t\tViscosit\u00e0 Perfetta\t\t\t\t\t\t\t<\/h4>\n\t\t\t\t\t\t\t<div class=\"services-content\">\nLa media viscosit\u00e0 di questo primer facilita la diradazione mentre la sua applicazione non solo consente di risparmiare tempo ma copre anche pi\u00f9 aree del mazzo con una piccola quantit\u00e0.<br \/>\n<\/div>\n\t\t\t\t\t<\/div>\n<\/div>\n<\/div><\/div>\n<div class=\"row \"><div class=\"wpv-grid grid-1-3  first unextended no-extended-padding\" style=\"padding-top:0.05px;padding-bottom:0.05px;\" id=\"wpv-column-e5f755b77a51eed720d647aa4727a354\" ><div class=\"services clearfix fullimage no-image has-icon no-button \" style=\"text-align:center;\">\n\t<div class=\"services-inside\">\n\t\t\t\t\t\t\t\t\t<div class=\"thumbnail\">\n\t\t\t\t\t\t\t\t\t\t\t\t\t\t\t\t\t\t<span class='icon shortcode   use-hover' style='color:#2B2F34;font-size:62px !important;'>&#57877;<\/span>\t\t\t\t\t\t\t\t\t\t\t\t\t\t\t<\/div>\n\t\t\t\t\t\t\t\t\t<div class=\"sep-2\"><\/div>\n\t\t\t\t\t\t\t\t\t\t\t\t\t\t<h4 class=\"services-title\">\n\t\t\t\t\t\t\t\t\tFacile  Applicazione\t\t\t\t\t\t\t<\/h4>\n\t\t\t\t\t\t\t<div class=\"services-content\">\nDri-Prime pu\u00f2 essere facilmente applicato usando un pennello, un rullo o uno spray. Pu\u00f2 essere diluito con acqua (fino al 20%) per facilit\u00e0 di applicazione.<br \/>\n<\/div>\n\t\t\t\t\t<\/div>\n<\/div>\n<\/div>\n<div class=\"wpv-grid grid-1-3  unextended no-extended-padding\" style=\"padding-top:0.05px;padding-bottom:0.05px;\" id=\"wpv-column-6450e7ea3716ea22b28cf90deb83569b\" ><div class=\"services clearfix fullimage no-image has-icon no-button \" style=\"text-align:center;\">\n\t<div class=\"services-inside\">\n\t\t\t\t\t\t\t\t\t<div class=\"thumbnail\">\n\t\t\t\t\t\t\t\t\t\t\t\t\t\t\t\t\t\t<span class='icon shortcode   use-hover' style='color:#2B2F34;font-size:62px !important;'>&#57773;<\/span>\t\t\t\t\t\t\t\t\t\t\t\t\t\t\t<\/div>\n\t\t\t\t\t\t\t\t\t<div class=\"sep-2\"><\/div>\n\t\t\t\t\t\t\t\t\t\t\t\t\t\t<h4 class=\"services-title\">\n\t\t\t\t\t\t\t\t\tSicuro\t\t\t\t\t\t\t<\/h4>\n\t\t\t\t\t\t\t<div class=\"services-content\">\nQuesto primer pu\u00f2 essere applicato senza preoccuparsi di eventuali emissioni volatili. \u00c8 totalmente sicuro da usare.<br \/>\n<\/div>\n\t\t\t\t\t<\/div>\n<\/div>\n<\/div>\n<div class=\"wpv-grid grid-1-3  unextended no-extended-padding\" style=\"padding-top:0.05px;padding-bottom:0.05px;\" id=\"wpv-column-62e8b878e6b20441a813a247e0efa448\" ><div class=\"services clearfix fullimage no-image has-icon no-button \" style=\"text-align:center;\">\n\t<div class=\"services-inside\">\n\t\t\t\t\t\t\t\t\t<div class=\"thumbnail\">\n\t\t\t\t\t\t\t\t\t\t\t\t\t\t\t\t\t\t<span class='icon shortcode   use-hover' style='color:#2B2F34;font-size:62px !important;'>&#57651;<\/span>\t\t\t\t\t\t\t\t\t\t\t\t\t\t\t<\/div>\n\t\t\t\t\t\t\t\t\t<div class=\"sep-2\"><\/div>\n\t\t\t\t\t\t\t\t\t\t\t\t\t\t<h4 class=\"services-title\">\n\t\t\t\t\t\t\t\t\tCopertura\t\t\t\t\t\t\t<\/h4>\n\t\t\t\t\t\t\t<div class=\"services-content\">\nCoprire un&#8217;ampia superficie delle strutture in calcestruzzo con una piccola quantit\u00e0 di Dri-Prime. Ogni secchio \u00e8 di 20 kg (5,5 galloni) che consente una copertura per secchio di 125 metri quadrati.<br \/>\n<\/div>\n\t\t\t\t\t<\/div>\n<\/div>\n<\/div><\/div><\/div><\/div><\/div>\n","protected":false},"excerpt":{"rendered":"<p>COMPOSIZIONE Dri-prime \u00e8 prodotto con bitume distillato, acqua e altri additivi che assicurano una rapida asciugatura e ulteriori propriet\u00e0 aggiuntive. Questi componenti si legano fra loro, dando al primer un aspetto di colore marrone. PUNTI DI FORZA A differenza di altri primer a basso standard, Dri-Prime contiene i seguenti componenti che lo rendono migliore.<\/p>\n","protected":false},"author":1,"featured_media":0,"parent":0,"menu_order":0,"comment_status":"closed","ping_status":"closed","template":"","meta":[],"_links":{"self":[{"href":"https:\/\/www.dekshield.com\/it\/wp-json\/wp\/v2\/pages\/14259\/"}],"collection":[{"href":"https:\/\/www.dekshield.com\/it\/wp-json\/wp\/v2\/pages\/"}],"about":[{"href":"https:\/\/www.dekshield.com\/it\/wp-json\/wp\/v2\/types\/page\/"}],"author":[{"embeddable":true,"href":"https:\/\/www.dekshield.com\/it\/wp-json\/wp\/v2\/users\/1\/"}],"replies":[{"embeddable":true,"href":"https:\/\/www.dekshield.com\/it\/wp-json\/wp\/v2\/comments\/?post=14259"}],"version-history":[{"count":2,"href":"https:\/\/www.dekshield.com\/it\/wp-json\/wp\/v2\/pages\/14259\/revisions\/"}],"predecessor-version":[{"id":14261,"href":"https:\/\/www.dekshield.com\/it\/wp-json\/wp\/v2\/pages\/14259\/revisions\/14261\/"}],"wp:attachment":[{"href":"https:\/\/www.dekshield.com\/it\/wp-json\/wp\/v2\/media\/?parent=14259"}],"curies":[{"name":"wp","href":"https:\/\/api.w.org\/{rel}","templated":true}]}}