{"id":14256,"date":"2018-03-18T01:39:24","date_gmt":"2018-03-18T06:39:24","guid":{"rendered":"https:\/\/www.dekshield.com\/?page_id=14256"},"modified":"2018-03-18T01:39:24","modified_gmt":"2018-03-18T06:39:24","slug":"membrana-flex","status":"publish","type":"page","link":"https:\/\/www.dekshield.com\/it\/membrana-flex\/","title":{"rendered":"Membrana Flex"},"content":{"rendered":"<div class=\"limit-wrapper\"><div class=\"row \"><div class=\"wpv-grid grid-1-1 move-into-slider wpv-first-level first unextended has-extended-padding\" style=\"padding-top:0.05px;padding-bottom:40px;\" id=\"wpv-column-7508e3322c95df10af81755a74f4ccdf\" ><div class=\"row \"><div class=\"wpv-grid grid-1-1  first unextended no-extended-padding\" style=\"padding-top:0.05px;padding-bottom:0.05px;\" id=\"wpv-column-b36895eb5c481d4ac2896cd499d6a1d0\" ><div class=\"push  wpv-hide-lowres\" style=\"height:0px\"><\/div>\n<img decoding=\"async\" loading=\"lazy\" class=\"aligncenter size-full wp-image-9830\" src=\"https:\/\/www.dekshield.com\/wp-content\/uploads\/2017\/11\/Dri-Shield-Syestem.png\" alt=\"cask\" width=\"300\" height=\"200\" \/><br \/>\n<div class=\"push  wpv-hide-lowres\" style=\"margin-bottom:-50px\"><\/div>\n<h3 style=\"text-align: center; font-size: 30px;\">La Membrana <b>Flex<\/b><\/h3><\/div><\/div>\n<div class=\"row \"><div class=\"wpv-grid grid-1-1  first extended has-extended-padding\" style=\"padding-top:0.05px;padding-bottom:0.05px;\" id=\"wpv-column-132ec14737fceff98eddb9d75aab3a27\" ><div class=\"limit-wrapper\"><div class=\"extended-column-inner\"><div class=\"row \"><div class=\"wpv-grid grid-1-1  first unextended no-extended-padding\" style=\"padding-top:0.05px;padding-bottom:0.05px;\" id=\"wpv-column-75b99cb629a81b2fc56cdc4539a37a03\" ><h1 style=\"text-align: center; color: white; background-color: #ff5200;\">PANORAMICA<\/h1>\n<h4 style=\"text-align: left;\">La membrana Flex \u00e8 stata appositamente realizzata per essere un lampeggiante per i nostri sistemi di impermeabilizzazione e come membrana del primo strato nel sistema Dri-Shield.<\/h4><\/div><\/div>\n<div class=\"push \" style=\"margin-bottom:-10px\"><\/div><\/div><\/div><\/div><\/div>\n<div class=\"row \"><div class=\"wpv-grid grid-1-1  first unextended animation-zoom-in animated-active no-extended-padding\" style=\"padding-top:0.05px;padding-bottom:0.05px;\" id=\"wpv-column-0a75a23fb882827a1d838289df378951\" ><h1 id=\"components\" style=\"text-align: center; color: white; center; background-color: #ff5200;\">COMPOSIZIONE<\/h1>\n<h4 style=\"text-align: left;\">La membrana Flex ha uno spessore di 4 mm ed \u00e8 prefabbricata come un polimero elastoplastico stirene-butadiene-stirene (SBS) rinforzato con poliestere. La membrana ha le seguenti caratteristiche composite.<\/h4><\/div><\/div>\n<div class=\"push \" style=\"height:15px\"><\/div>\n<div class=\"row \"><div class=\"wpv-grid grid-1-4  first unextended animation-from-bottom animated-active no-extended-padding\" style=\"padding-top:0.05px;padding-bottom:0.05px;\" id=\"wpv-column-32742dfa7de43d0742e71aaa088be0fd\" >\n<div  data-target=\"_self\" class=\"linkarea clearfix accent5  background-transparent\">\n\t\t\t\t<div class=\"last\"><h3 style=\"text-align: center;\">Resine Premium<\/h3>\n<p style=\"text-align: center;\">Prodotto con resine APP premium, che incorporano bitume distillato e polimeri tecnopolimeri di ultima generazione.<\/div>\n\t<\/div><\/div>\n<div class=\"wpv-grid grid-1-4  unextended animation-from-bottom animated-active no-extended-padding\" style=\"padding-top:0.05px;padding-bottom:0.05px;\" id=\"wpv-column-767248d7cad7ff89b8670d36c4bc34c3\" >\n<div  data-target=\"_self\" class=\"linkarea clearfix accent5  background-transparent\">\n\t\t\t\t<div class=\"last\"><h3 style=\"text-align: center;\">Fibre Rinforzate<\/h3>\n<p style=\"text-align: center;\">La membrana \u00e8 rinforzata con un materassino in fibra di poliestere continuo non tessuto, in combinazione con un tappetino di rinforzo in acciaio.<\/div>\n\t<\/div><\/div>\n<div class=\"wpv-grid grid-1-4  unextended animation-from-bottom animated-active no-extended-padding\" style=\"padding-top:0.05px;padding-bottom:0.05px;\" id=\"wpv-column-6a14e5762a3eea4da2e924db588def03\" >\n<div  data-target=\"_self\" class=\"linkarea clearfix accent5  background-transparent\">\n\t\t\t\t<div class=\"last\"><h3 style=\"text-align: center;\">Fibra Di Vetro Stabilizzata<\/h3>\n<p style=\"text-align: center;\">Stabilizzato con filo in fibra di vetro per conferire alla membrana un&#8217;elevata stabilit\u00e0 longitudinale.<\/div>\n\t<\/div><\/div>\n<div class=\"wpv-grid grid-1-4  unextended animation-from-bottom animated-active no-extended-padding\" style=\"padding-top:0.05px;padding-bottom:0.05px;\" id=\"wpv-column-f1e8a591cb8c1bcbf9461d60726d78ac\" >\n<div  data-target=\"_self\" class=\"linkarea clearfix accent5  background-transparent\">\n\t\t\t\t<div class=\"last\"><h3 style=\"text-align: center;\">Finiture In Silicio<\/h3>\n<p style=\"text-align: center;\">La finitura della membrana \u00e8 in sabbia silicea.<\/div>\n\t<\/div><\/div><\/div>\n<div class=\"push \" style=\"height:30px\"><\/div>\n<div class=\"row \"><div class=\"wpv-grid grid-1-1  wpv-first-level first unextended has-extended-padding\" style=\"padding-top:0.05px;padding-bottom:0.05px;\" id=\"wpv-column-980a9d2dcb4532f17f348b4e6f7a71a0\" ><\/div><\/div>\n<div class=\"row \"><div class=\"wpv-grid grid-1-1  first unextended no-extended-padding\" style=\"padding-top:0.05px;padding-bottom:0.05px;\" id=\"wpv-column-9698c7cb28a32c9d7d7246d761765789\" ><h1 id=\"features\" style=\"text-align: center; color: white; background-color: #ff5200;\">PUNTI DI FORZA<\/h1>\n<h4 style=\"text-align: center;\">La membrana Flex \u00e8 una membrana impermeabilizzante perfetta grazie alle seguenti caratteristiche chiave.<\/h4><\/div><\/div>\n<div class=\"row \"><div class=\"wpv-grid grid-1-4  first unextended no-extended-padding\" style=\"padding-top:0.05px;padding-bottom:0.05px;\" id=\"wpv-column-1c6c216177922831e327183113eb8b73\" ><div class=\"services clearfix fullimage no-image has-icon no-button \" style=\"text-align:center;\">\n\t<div class=\"services-inside\">\n\t\t\t\t\t\t\t\t\t<div class=\"thumbnail\">\n\t\t\t\t\t\t\t\t\t\t\t\t\t\t\t\t\t\t<span class='icon shortcode   use-hover' style='color:#2B2F34;font-size:62px !important;'>&#57675;<\/span>\t\t\t\t\t\t\t\t\t\t\t\t\t\t\t<\/div>\n\t\t\t\t\t\t\t\t\t<div class=\"sep-2\"><\/div>\n\t\t\t\t\t\t\t\t\t\t\t\t\t\t<h4 class=\"services-title\">\n\t\t\t\t\t\t\t\t\tDuratura\t\t\t\t\t\t\t<\/h4>\n\t\t\t\t\t\t\t<div class=\"services-content\">\nLa membrana Flex resistente alla perforazione e alla lacerazione, il che ne garantisce la durata nel caso in cui venga utilizzato in sistemi di impermeabilizzazione.<\/div>\n\t\t\t\t\t<\/div>\n<\/div>\n<\/div>\n<div class=\"wpv-grid grid-1-4  unextended no-extended-padding\" style=\"padding-top:0.05px;padding-bottom:0.05px;\" id=\"wpv-column-73213f85351f76c8105700830c39564d\" ><div class=\"services clearfix fullimage no-image has-icon no-button \" style=\"text-align:center;\">\n\t<div class=\"services-inside\">\n\t\t\t\t\t\t\t\t\t<div class=\"thumbnail\">\n\t\t\t\t\t\t\t\t\t\t\t\t\t\t\t\t\t\t<span class='icon shortcode   use-hover' style='color:#2B2F34;font-size:62px !important;'>&#57922;<\/span>\t\t\t\t\t\t\t\t\t\t\t\t\t\t\t<\/div>\n\t\t\t\t\t\t\t\t\t<div class=\"sep-2\"><\/div>\n\t\t\t\t\t\t\t\t\t\t\t\t\t\t<h4 class=\"services-title\">\n\t\t\t\t\t\t\t\t\tFlessibilit\u00e0\t\t\t\t\t\t\t<\/h4>\n\t\t\t\t\t\t\t<div class=\"services-content\">\nLa capacit\u00e0 di essere abbastanza flessibile consente di installare La membrana Armor ovunque. Questo \u00e8 il motivo per cui \u00e8 ampiamente utilizzato per il lampeggio della linea di cordolo.<\/div>\n\t\t\t\t\t<\/div>\n<\/div>\n<\/div>\n<div class=\"wpv-grid grid-1-4  unextended no-extended-padding\" style=\"padding-top:0.05px;padding-bottom:0.05px;\" id=\"wpv-column-f9308dde1ed9942b43aaa4d1f2833d84\" ><div class=\"services clearfix fullimage no-image has-icon no-button \" style=\"text-align:center;\">\n\t<div class=\"services-inside\">\n\t\t\t\t\t\t\t\t\t<div class=\"thumbnail\">\n\t\t\t\t\t\t\t\t\t\t\t\t\t\t\t\t\t\t<span class='icon shortcode   use-hover' style='color:#2B2F34;font-size:62px !important;'>&#57653;<\/span>\t\t\t\t\t\t\t\t\t\t\t\t\t\t\t<\/div>\n\t\t\t\t\t\t\t\t\t<div class=\"sep-2\"><\/div>\n\t\t\t\t\t\t\t\t\t\t\t\t\t\t<h4 class=\"services-title\">\n\t\t\t\t\t\t\t\t\tPropriet\u00e0 Di Allungamento\t\t\t\t\t\t\t<\/h4>\n\t\t\t\t\t\t\t<div class=\"services-content\">\nLa membrana Flex ha propriet\u00e0 di allungamento superiori.<br \/>\n<\/div>\n\t\t\t\t\t<\/div>\n<\/div>\n<\/div>\n<div class=\"wpv-grid grid-1-4  unextended no-extended-padding\" style=\"padding-top:0.05px;padding-bottom:0.05px;\" id=\"wpv-column-d50f80dc63a9598a60fc41114db700e8\" ><div class=\"services clearfix fullimage no-image has-icon no-button \" style=\"text-align:center;\">\n\t<div class=\"services-inside\">\n\t\t\t\t\t\t\t\t\t<div class=\"thumbnail\">\n\t\t\t\t\t\t\t\t\t\t\t\t\t\t\t\t\t\t<span class='icon shortcode   use-hover' style='color:#2B2F34;font-size:62px !important;'>&#57826;<\/span>\t\t\t\t\t\t\t\t\t\t\t\t\t\t\t<\/div>\n\t\t\t\t\t\t\t\t\t<div class=\"sep-2\"><\/div>\n\t\t\t\t\t\t\t\t\t\t\t\t\t\t<h4 class=\"services-title\">\n\t\t\t\t\t\t\t\t\tResistenza Alla Trazione\t\t\t\t\t\t\t<\/h4>\n\t\t\t\t\t\t\t<div class=\"services-content\">\nL&#8217;elevata resistenza alla trazione consente a Flex La membrana di sopportare forti pressioni e condizioni di temperatura estreme garantendo affidabilit\u00e0 e risultati di impermeabilit\u00e0 efficienti.<\/div>\n\t\t\t\t\t<\/div>\n<\/div>\n<\/div><\/div><\/div><\/div><\/div>\n","protected":false},"excerpt":{"rendered":"<p>COMPOSIZIONE La membrana Flex ha uno spessore di 4 mm ed \u00e8 prefabbricata come un polimero elastoplastico stirene-butadiene-stirene (SBS) rinforzato con poliestere. La membrana ha le seguenti caratteristiche composite. PUNTI DI FORZA La membrana Flex \u00e8 una membrana impermeabilizzante perfetta grazie alle seguenti caratteristiche chiave.<\/p>\n","protected":false},"author":1,"featured_media":0,"parent":0,"menu_order":0,"comment_status":"closed","ping_status":"closed","template":"","meta":[],"_links":{"self":[{"href":"https:\/\/www.dekshield.com\/it\/wp-json\/wp\/v2\/pages\/14256\/"}],"collection":[{"href":"https:\/\/www.dekshield.com\/it\/wp-json\/wp\/v2\/pages\/"}],"about":[{"href":"https:\/\/www.dekshield.com\/it\/wp-json\/wp\/v2\/types\/page\/"}],"author":[{"embeddable":true,"href":"https:\/\/www.dekshield.com\/it\/wp-json\/wp\/v2\/users\/1\/"}],"replies":[{"embeddable":true,"href":"https:\/\/www.dekshield.com\/it\/wp-json\/wp\/v2\/comments\/?post=14256"}],"version-history":[{"count":2,"href":"https:\/\/www.dekshield.com\/it\/wp-json\/wp\/v2\/pages\/14256\/revisions\/"}],"predecessor-version":[{"id":14258,"href":"https:\/\/www.dekshield.com\/it\/wp-json\/wp\/v2\/pages\/14256\/revisions\/14258\/"}],"wp:attachment":[{"href":"https:\/\/www.dekshield.com\/it\/wp-json\/wp\/v2\/media\/?parent=14256"}],"curies":[{"name":"wp","href":"https:\/\/api.w.org\/{rel}","templated":true}]}}