{"id":14253,"date":"2018-03-18T00:38:37","date_gmt":"2018-03-18T05:38:37","guid":{"rendered":"https:\/\/www.dekshield.com\/?page_id=14253"},"modified":"2018-03-18T00:38:37","modified_gmt":"2018-03-18T05:38:37","slug":"membrana-armor","status":"publish","type":"page","link":"https:\/\/www.dekshield.com\/it\/membrana-armor\/","title":{"rendered":"Membrana Armor"},"content":{"rendered":"<div class=\"limit-wrapper\"><div class=\"row \"><div class=\"wpv-grid grid-1-1 move-into-slider wpv-first-level first unextended has-extended-padding\" style=\"padding-top:0.05px;padding-bottom:40px;\" id=\"wpv-column-5a5233f359c9235cc01d53da1200b4ee\" ><div class=\"row \"><div class=\"wpv-grid grid-1-1  first unextended no-extended-padding\" style=\"padding-top:0.05px;padding-bottom:0.05px;\" id=\"wpv-column-e928527b97b94d10604bec6f3000ff08\" ><div class=\"push  wpv-hide-lowres\" style=\"height:0px\"><\/div>\n<img decoding=\"async\" loading=\"lazy\" class=\"aligncenter size-full wp-image-9830\" src=\"https:\/\/www.dekshield.com\/wp-content\/uploads\/2017\/11\/Dri-Shield-Syestem.png\" alt=\"cask\" width=\"300\" height=\"200\" \/><br \/>\n<div class=\"push  wpv-hide-lowres\" style=\"margin-bottom:-50px\"><\/div>\n<h3 style=\"text-align: center; font-size: 30px;\">La Membrana <b>Armor<\/b><\/h3><\/div><\/div>\n<div class=\"row \"><div class=\"wpv-grid grid-1-1  first extended has-extended-padding\" style=\"padding-top:0.05px;padding-bottom:0.05px;\" id=\"wpv-column-f75a733373b2db5f5d13603659850537\" ><div class=\"limit-wrapper\"><div class=\"extended-column-inner\"><div class=\"row \"><div class=\"wpv-grid grid-1-1  first unextended no-extended-padding\" style=\"padding-top:0.05px;padding-bottom:0.05px;\" id=\"wpv-column-1ff08da94e9dbf2af13d3bece391e2e5\" ><h1 style=\"text-align: center; color: white; background-color: #ff5200;\">PANORAMICA<\/h1>\n<h4 class=\"t pgm0 pgx0 pgh4 pgy11 pgff1 pgfs2 pgfc0 pgsc0 pgls0 pgws0\" style=\"text-align: justify;\">La membrana Armor \u00e8 l&#8217;ultima linea di protezione nel sistema di protezione Dri-Shield per giunti di dilatazione. La maglia di acciaio \u00e8 stata aggiunta per rafforzare la membrana contro gli urti meccanici e la compressione dei carichi pesanti applicati. Centrato sull&#8217;intervallo di giunzione di dilatazione, fornisce la forza e la stabilit\u00e0 per eseguire efficacemente.<\/h4><\/div><\/div>\n<div class=\"push \" style=\"height:0px\"><\/div><\/div><\/div><\/div><\/div>\n<div class=\"row \"><div class=\"wpv-grid grid-1-1  first unextended animation-zoom-in animated-active no-extended-padding\" style=\"padding-top:0.05px;padding-bottom:0.05px;\" id=\"wpv-column-a3549cb28a39cc70c8337f638db7585e\" ><h1 id=\"components\" style=\"text-align: center; color: white; center; background-color: #ff5200;\">COMPOSIZIONE<\/h1>\n<h4 style=\"text-align: justify;\">La membrana Armor \u00e8 un prodotto in polipropilene atattico (APP) rinforzato con poliestere preformato da 4 mm appositamente progettato per applicazioni termosaldate.<\/h4><\/div><\/div>\n<div class=\"push \" style=\"height:15px\"><\/div>\n<div class=\"row \"><div class=\"wpv-grid grid-1-4  first unextended animation-from-bottom animated-active no-extended-padding\" style=\"padding-top:0.05px;padding-bottom:0.05px;\" id=\"wpv-column-802d7f298e1e1b7c7f9d8007c8d98723\" >\n<div  data-target=\"_self\" class=\"linkarea clearfix accent5  background-transparent\">\n\t\t\t\t<div class=\"last\"><h3 style=\"text-align: center;\">Resine Premium<\/h3>\n<p style=\"text-align: justify;\">Prodotto con resine APP premium e incorporando bitume distillato e polimeri techno di ultima generazione<\/div>\n\t<\/div><\/div>\n<div class=\"wpv-grid grid-1-4  unextended animation-from-bottom animated-active no-extended-padding\" style=\"padding-top:0.05px;padding-bottom:0.05px;\" id=\"wpv-column-ec9ed7b5ad92ae4b0c4f7fe9bed6c3eb\" >\n<div  data-target=\"_self\" class=\"linkarea clearfix accent5  background-transparent\">\n\t\t\t\t<div class=\"last\"><h3 style=\"text-align: center;\">Fibre Rinforzate<\/h3>\n<p style=\"text-align: justify;\">La membrana \u00e8 rinforzata con un materassino in fibra di poliestere continuo non tessuto, in combinazione con un tappetino di rinforzo in acciaio<\/div>\n\t<\/div><\/div>\n<div class=\"wpv-grid grid-1-4  unextended animation-from-bottom animated-active no-extended-padding\" style=\"padding-top:0.05px;padding-bottom:0.05px;\" id=\"wpv-column-f6580eebf4596880b2698e7704680728\" >\n<div  data-target=\"_self\" class=\"linkarea clearfix accent5  background-transparent\">\n\t\t\t\t<div class=\"last\"><h3 style=\"text-align: center;\">Fibra Di Vetro Stabilizzata<\/h3>\n<p>Stabilizzata con filo in fibra di vetro per conferire alla membrana un&#8217;elevata stabilit\u00e0 longitudinale<\/div>\n\t<\/div><\/div>\n<div class=\"wpv-grid grid-1-4  unextended animation-from-bottom animated-active no-extended-padding\" style=\"padding-top:0.05px;padding-bottom:0.05px;\" id=\"wpv-column-ac6fe3cbd09656c1f1035a012f86c33c\" >\n<div  data-target=\"_self\" class=\"linkarea clearfix accent5  background-transparent\">\n\t\t\t\t<div class=\"last\"><h3 style=\"text-align: center;\">Finiture In Silicio<\/h3>\n<p style=\"text-align: center;\">La finitura superiore \u00e8 sabbia silicea<\/div>\n\t<\/div><\/div><\/div>\n<div class=\"push \" style=\"height:30px\"><\/div>\n<div class=\"row \"><div class=\"wpv-grid grid-1-1  wpv-first-level first unextended has-extended-padding\" style=\"padding-top:0.05px;padding-bottom:0.05px;\" id=\"wpv-column-b7dbaad54b8abd589bc5217740c95de8\" ><\/div><\/div>\n<\/section>\n<div class=\"row \"><div class=\"wpv-grid grid-1-1  first unextended no-extended-padding\" style=\"padding-top:0.05px;padding-bottom:0.05px;\" id=\"wpv-column-37f79a6c385f61846901975e98ce4e06\" ><h1 id=\"features\" style=\"text-align: center; color: white; background-color: #ff5200;\">PUNTI DI FORZA<\/h1>\n<h4 style=\"text-align: center;\">La membrana Armor \u00e8 una perfetta membrana impermeabilizzante grazie alle seguenti caratteristiche chiave.<\/h4><\/div><\/div>\n<div class=\"row \"><div class=\"wpv-grid grid-1-4  first unextended no-extended-padding\" style=\"padding-top:0.05px;padding-bottom:0.05px;\" id=\"wpv-column-4d1da2a2ad571979a540db8a486f1a19\" ><div class=\"services clearfix fullimage no-image has-icon no-button \" style=\"text-align:center;\">\n\t<div class=\"services-inside\">\n\t\t\t\t\t\t\t\t\t<div class=\"thumbnail\">\n\t\t\t\t\t\t\t\t\t\t\t\t\t\t\t\t\t\t<span class='icon shortcode   use-hover' style='color:#2B2F34;font-size:62px !important;'>&#57675;<\/span>\t\t\t\t\t\t\t\t\t\t\t\t\t\t\t<\/div>\n\t\t\t\t\t\t\t\t\t<div class=\"sep-2\"><\/div>\n\t\t\t\t\t\t\t\t\t\t\t\t\t\t<h4 class=\"services-title\">\n\t\t\t\t\t\t\t\t\tDuratura\t\t\t\t\t\t\t<\/h4>\n\t\t\t\t\t\t\t<div class=\"services-content\">\nLa membrana Armor\u00e8 resistente alla perforazione e alla lacerazione, il che ne garantisce la durata nel caso in cui venga utilizzato in sistemi di impermeabilizzazione.<br \/>\n<\/div>\n\t\t\t\t\t<\/div>\n<\/div>\n<\/div>\n<div class=\"wpv-grid grid-1-4  unextended no-extended-padding\" style=\"padding-top:0.05px;padding-bottom:0.05px;\" id=\"wpv-column-8982e736c163889edba380f381383407\" ><div class=\"services clearfix fullimage no-image has-icon no-button \" style=\"text-align:center;\">\n\t<div class=\"services-inside\">\n\t\t\t\t\t\t\t\t\t<div class=\"thumbnail\">\n\t\t\t\t\t\t\t\t\t\t\t\t\t\t\t\t\t\t<span class='icon shortcode   use-hover' style='color:#2B2F34;font-size:62px !important;'>&#57922;<\/span>\t\t\t\t\t\t\t\t\t\t\t\t\t\t\t<\/div>\n\t\t\t\t\t\t\t\t\t<div class=\"sep-2\"><\/div>\n\t\t\t\t\t\t\t\t\t\t\t\t\t\t<h4 class=\"services-title\">\n\t\t\t\t\t\t\t\t\tFlessibilit\u00e0\t\t\t\t\t\t\t<\/h4>\n\t\t\t\t\t\t\t<div class=\"services-content\">\nLa capacit\u00e0 di essere abbastanza flessibile consente di installare La membrana Armor ovunque. Questo \u00e8 il motivo per cui \u00e8 ampiamente utilizzato per il lampeggio della linea di cordolo.<br \/>\n<\/div>\n\t\t\t\t\t<\/div>\n<\/div>\n<\/div>\n<div class=\"wpv-grid grid-1-4  unextended no-extended-padding\" style=\"padding-top:0.05px;padding-bottom:0.05px;\" id=\"wpv-column-eb68ad6e835a899fdad48728727e06f6\" ><div class=\"services clearfix fullimage no-image has-icon no-button \" style=\"text-align:center;\">\n\t<div class=\"services-inside\">\n\t\t\t\t\t\t\t\t\t<div class=\"thumbnail\">\n\t\t\t\t\t\t\t\t\t\t\t\t\t\t\t\t\t\t<span class='icon shortcode   use-hover' style='color:#2B2F34;font-size:62px !important;'>&#57653;<\/span>\t\t\t\t\t\t\t\t\t\t\t\t\t\t\t<\/div>\n\t\t\t\t\t\t\t\t\t<div class=\"sep-2\"><\/div>\n\t\t\t\t\t\t\t\t\t\t\t\t\t\t<h4 class=\"services-title\">\n\t\t\t\t\t\t\t\t\tPropriet\u00e0 Di Allungamento\t\t\t\t\t\t\t<\/h4>\n\t\t\t\t\t\t\t<div class=\"services-content\">\nLa membrana Armor ha propriet\u00e0 di allungamento superiori.<br \/>\n<\/div>\n\t\t\t\t\t<\/div>\n<\/div>\n<\/div>\n<div class=\"wpv-grid grid-1-4  unextended no-extended-padding\" style=\"padding-top:0.05px;padding-bottom:0.05px;\" id=\"wpv-column-5b54f257760daae768cbad2df161af8d\" ><div class=\"services clearfix fullimage no-image has-icon no-button \" style=\"text-align:center;\">\n\t<div class=\"services-inside\">\n\t\t\t\t\t\t\t\t\t<div class=\"thumbnail\">\n\t\t\t\t\t\t\t\t\t\t\t\t\t\t\t\t\t\t<span class='icon shortcode   use-hover' style='color:#2B2F34;font-size:62px !important;'>&#57826;<\/span>\t\t\t\t\t\t\t\t\t\t\t\t\t\t\t<\/div>\n\t\t\t\t\t\t\t\t\t<div class=\"sep-2\"><\/div>\n\t\t\t\t\t\t\t\t\t\t\t\t\t\t<h4 class=\"services-title\">\n\t\t\t\t\t\t\t\t\tResistenza Alla Trazione\t\t\t\t\t\t\t<\/h4>\n\t\t\t\t\t\t\t<div class=\"services-content\">\nL&#8217;elevata resistenza alla trazione consente alla membrana Armor di sopportare forti pressioni e condizioni di temperatura estreme garantendo affidabilit\u00e0 e risultati di impermeabilit\u00e0 efficienti.<br \/>\n<\/div>\n\t\t\t\t\t<\/div>\n<\/div>\n<\/div><\/div><\/div><\/div><\/div>\n","protected":false},"excerpt":{"rendered":"<p>COMPOSIZIONE La membrana Armor \u00e8 un prodotto in polipropilene atattico (APP) rinforzato con poliestere preformato da 4 mm appositamente progettato per applicazioni termosaldate. PUNTI DI FORZA La membrana Armor \u00e8 una perfetta membrana impermeabilizzante grazie alle seguenti caratteristiche chiave.<\/p>\n","protected":false},"author":1,"featured_media":0,"parent":0,"menu_order":0,"comment_status":"closed","ping_status":"closed","template":"","meta":[],"_links":{"self":[{"href":"https:\/\/www.dekshield.com\/it\/wp-json\/wp\/v2\/pages\/14253\/"}],"collection":[{"href":"https:\/\/www.dekshield.com\/it\/wp-json\/wp\/v2\/pages\/"}],"about":[{"href":"https:\/\/www.dekshield.com\/it\/wp-json\/wp\/v2\/types\/page\/"}],"author":[{"embeddable":true,"href":"https:\/\/www.dekshield.com\/it\/wp-json\/wp\/v2\/users\/1\/"}],"replies":[{"embeddable":true,"href":"https:\/\/www.dekshield.com\/it\/wp-json\/wp\/v2\/comments\/?post=14253"}],"version-history":[{"count":2,"href":"https:\/\/www.dekshield.com\/it\/wp-json\/wp\/v2\/pages\/14253\/revisions\/"}],"predecessor-version":[{"id":14255,"href":"https:\/\/www.dekshield.com\/it\/wp-json\/wp\/v2\/pages\/14253\/revisions\/14255\/"}],"wp:attachment":[{"href":"https:\/\/www.dekshield.com\/it\/wp-json\/wp\/v2\/media\/?parent=14253"}],"curies":[{"name":"wp","href":"https:\/\/api.w.org\/{rel}","templated":true}]}}