{"id":14239,"date":"2018-03-14T23:57:02","date_gmt":"2018-03-15T04:57:02","guid":{"rendered":"https:\/\/www.dekshield.com\/?page_id=14239"},"modified":"2018-03-14T23:57:02","modified_gmt":"2018-03-15T04:57:02","slug":"sistema-dri-shield","status":"publish","type":"page","link":"https:\/\/www.dekshield.com\/it\/sistema-dri-shield\/","title":{"rendered":"Sistema Dri-Shield"},"content":{"rendered":"<div class=\"row \"><div class=\"wpv-grid grid-1-1 move-into-slider wpv-first-level first has-background unextended has-extended-padding\" style=\"background-color:#ff5200;padding-top:0.05px;padding-bottom:40px;\" id=\"wpv-column-459a4715d67b9aedb0131fdcd762a46e\" ><div class=\"extended-column-inner\"><style>#wpv-column-459a4715d67b9aedb0131fdcd762a46e p,#wpv-column-459a4715d67b9aedb0131fdcd762a46e em,#wpv-column-459a4715d67b9aedb0131fdcd762a46e h1,#wpv-column-459a4715d67b9aedb0131fdcd762a46e h2,#wpv-column-459a4715d67b9aedb0131fdcd762a46e h3,#wpv-column-459a4715d67b9aedb0131fdcd762a46e h4,#wpv-column-459a4715d67b9aedb0131fdcd762a46e h5,#wpv-column-459a4715d67b9aedb0131fdcd762a46e h6,#wpv-column-459a4715d67b9aedb0131fdcd762a46e .column-title,#wpv-column-459a4715d67b9aedb0131fdcd762a46e .sep-text h2.regular-title-wrapper,#wpv-column-459a4715d67b9aedb0131fdcd762a46e .text-divider-double,#wpv-column-459a4715d67b9aedb0131fdcd762a46e .sep-text .sep-text-line,#wpv-column-459a4715d67b9aedb0131fdcd762a46e .sep,#wpv-column-459a4715d67b9aedb0131fdcd762a46e .sep-2,#wpv-column-459a4715d67b9aedb0131fdcd762a46e .sep-3,#wpv-column-459a4715d67b9aedb0131fdcd762a46e td,#wpv-column-459a4715d67b9aedb0131fdcd762a46e th,#wpv-column-459a4715d67b9aedb0131fdcd762a46e caption{color:#fff;}#wpv-column-459a4715d67b9aedb0131fdcd762a46e:before{background-color:transparent;}<\/style><div class=\"row \"><div class=\"wpv-grid grid-1-1  first unextended no-extended-padding\" style=\"padding-top:0.05px;padding-bottom:0.05px;\" id=\"wpv-column-430acbd5f8435e451082fb542bcbc25c\" ><\/div><\/div>\n<div class=\"push  wpv-hide-lowres\" style=\"height:0px\"><\/div>\n<img decoding=\"async\" loading=\"lazy\" class=\"aligncenter size-full wp-image-9830\" src=\"https:\/\/www.dekshield.com\/wp-content\/uploads\/2017\/11\/Dri-Shield-Syestem.png\" alt=\"cask\" width=\"300\" height=\"200\" \/><br \/>\n<div class=\"push  wpv-hide-lowres\" style=\"margin-bottom:-50px\"><\/div>\n<div class=\"row \"><div class=\"wpv-grid grid-1-1  wpv-first-level first unextended no-extended-padding\" style=\"padding-top:0.05px;padding-bottom:0.05px;\" id=\"wpv-column-b846a25c9d47a54b4c4de063f11a63c7\" ><\/div><\/div>\n<section id=\"overview\"><\/div><\/div><\/div><div class=\"row \"><div class=\"wpv-grid grid-1-1  wpv-first-level first extended has-extended-padding\" style=\"padding-top:0.05px;padding-bottom:0.05px;\" id=\"wpv-column-1527b09f7f92027aec269c7fd29a37a1\" ><div class=\"limit-wrapper\"><div class=\"extended-column-inner\"><div class=\"row \"><div class=\"wpv-grid grid-1-2  first unextended no-extended-padding\" style=\"padding-top:0.05px;padding-bottom:0.05px;\" id=\"wpv-column-26ec919c3807b87de38b3493eb85820c\" ><h1 style=\"text-align: center; color: white; background-color: #ff5200;\">PANORAMICA<\/h1>\n<h4 id=\"overview\" style=\"text-align: left;\"><\/h4>\n<h4 id=\"overview\" style=\"text-align: left;\"><span style=\"color: #000000;\">Per molti anni, il sistema di giunti a spina asfaltica \u00e8 stato utilizzato per impermeabilizzare piccoli ponti di movimento. Anche se il metodo \u00e8 molto vantaggioso, il sistema \u00e8 ancora suscettibile di perdite e provoca il deflusso di materiale fuori dal blocco nelle corsie di traffico.<\/span><\/h4>\n<h4 id=\"overview\" style=\"text-align: left;\"><span style=\"color: #000000;\">Per prevenire questo problema, DEK-SHIELD Infrastructure Solutions LLC ha progettato un sistema di impermeabilizzazione a protezione del giunto di espansione denominato Dri-Shield System. Si tratta di un rimedio perfetto a questo problema. L&#8217;uso del sistema Dri-Shield \u00e8 una soluzione per arrestare il deterioramento impedendo a umidit\u00e0 e cloruri di raggiungere il cemento e i pilastri del ponte.<\/span><\/h4><\/div>\n<div class=\"wpv-grid grid-1-2  unextended no-extended-padding\" style=\"padding-top:0.05px;padding-bottom:0.05px;\" id=\"wpv-column-259d5b68868c68e8fcdb5ada12435e8c\" ><h1 style=\"text-align: center; color: white; background-color: #ff5200;\">VIDEO<\/h1>\n<div class=\"embed-container\"><iframe loading=\"lazy\" src=\"https:\/\/player.vimeo.com\/video\/245984641?title=0&amp;byline=0&amp;portrait=0\" width=\"640\" height=\"360\" frameborder=\"0\" allowfullscreen=\"allowfullscreen\"><\/iframe><\/div><\/div><\/div>\n<div class=\"push \" style=\"height:20px\"><\/div><\/div><\/div><\/div><\/div>\n<div class=\"limit-wrapper\"><div class=\"row \"><div class=\"wpv-grid grid-1-1  first unextended animation-zoom-in animated-active no-extended-padding\" style=\"padding-top:0.05px;padding-bottom:0.05px;\" id=\"wpv-column-bbd1d32a01aff16868796fc66c7f9ef8\" ><h1 id=\"components\" style=\"text-align: center; color: white; center; background-color: #ff5200;\">COMPONENTI<\/h1>\n<h4 style=\"text-align: center;\"><span style=\"color: #000000;\">Il sistema Dri-Shield \u00e8 una combinazione di membrana impermeabilizzanti appositamente progettate, compatibili tra loro e con gli altri componenti della costruzione del ponte. Il sistema ha tre componenti principali.<\/span><\/h4><\/div><\/div><\/div>\n<div class=\"push \" style=\"height:15px\"><\/div>\n<div class=\"limit-wrapper\"><div class=\"row \"><div class=\"wpv-grid grid-1-4  first unextended animation-from-bottom animated-active no-extended-padding\" style=\"padding-top:0.05px;padding-bottom:0.05px;\" id=\"wpv-column-cf9c42bb128fcb988bcf51883be3bdbc\" >\n<div  data-href=\"https:\/\/www.dekshield.com\/dri-prime\/\" tabindex=\"1\" data-target=\"_self\" class=\"linkarea clearfix accent5  background-transparent\">\n\t\t\t\t<div class=\"last\"><h3 style=\"text-align: center;\"><span style=\"color: #000000;\">Dri-Prime<\/span><\/h3>\n<p style=\"text-align: center;\"><span style=\"color: #000000;\">Un rivestimento dall\u2019asciugatura rapida, utilizzato per preparare il substrato in calcestruzzo e migliorare l&#8217;adesione delle membrana impermeabili al ponte di coperta garantendo una base impermeabilizzante perfetta.<\/span><\/p>\n<p style=\"text-align: center;\"><p class=\"textcenter\"><a style='font-size: 14px;' class=\"vamtam-button accent1  button-border hover-accent1 \"><span class=\"btext\" data-text=\"Per saperne di pi\u00f9\">Per saperne di pi\u00f9<\/span><\/a><\/p><\/div>\n\t<\/div><\/div>\n<div class=\"wpv-grid grid-1-4  unextended animation-from-bottom animated-active no-extended-padding\" style=\"padding-top:0.05px;padding-bottom:0.05px;\" id=\"wpv-column-10177a768189b33d1fe12ae71c3bd24a\" >\n<div  data-href=\"https:\/\/www.dekshield.com\/dri-span-membrane\/\" tabindex=\"1\" data-target=\"_self\" class=\"linkarea clearfix accent5  background-transparent\">\n\t\t\t\t<div class=\"last\"><h3 style=\"text-align: center;\"><span style=\"color: #000000;\">Membrana Dri-Span<\/span><\/h3>\n<p style=\"text-align: center;\"><span style=\"color: #000000;\">Membrana impermeabilizzante prefabbricata con uno spessore di 5mm sotto forma di rullo bituminoso modificato in polipropilene atattico (APP) rinforzato con poliestere. La finitura superiore \u00e8 sabbia silicea.<\/span><\/p>\n<p style=\"text-align: center;\"><p class=\"textcenter\"><a style='font-size: 14px;' class=\"vamtam-button accent1  button-border hover-accent1 \"><span class=\"btext\" data-text=\"Per saperne di pi\u00f9\">Per saperne di pi\u00f9<\/span><\/a><\/p><\/div>\n\t<\/div><\/div>\n<div class=\"wpv-grid grid-1-4  unextended animation-from-bottom animated-active no-extended-padding\" style=\"padding-top:0.05px;padding-bottom:0.05px;\" id=\"wpv-column-4b0e242a18c619213aae511095e48b78\" >\n<div  data-href=\"https:\/\/www.dekshield.com\/flex-membrane\/\" tabindex=\"1\" data-target=\"_self\" class=\"linkarea clearfix accent5  background-transparent\">\n\t\t\t\t<div class=\"last\"><h3 style=\"text-align: center;\"><span style=\"color: #000000;\">Membrana Flex<\/span><\/h3>\n<p style=\"text-align: center;\"><span style=\"color: #000000;\">Membrana impermeabilizzante a ponte morbida di 4 mm di spessore rinforzata con un tessuto non tessuto in fibra di poliestere continuo. Utilizzato per il lampeggio della linea di cordolo a causa delle superiori propriet\u00e0 di allungamento.<\/span><\/p>\n<p style=\"text-align: center;\"><p class=\"textcenter\"><a style='font-size: 14px;' class=\"vamtam-button accent1  button-border hover-accent1 \"><span class=\"btext\" data-text=\"Per saperne di pi\u00f9\">Per saperne di pi\u00f9<\/span><\/a><\/p><\/div>\n\t<\/div><\/div>\n<div class=\"wpv-grid grid-1-4  unextended animation-from-bottom animated-active no-extended-padding\" style=\"padding-top:0.05px;padding-bottom:0.05px;\" id=\"wpv-column-0e93061ecc63517ffdab0ebd7977e5b0\" >\n<div  data-href=\"https:\/\/www.dekshield.com\/armor-membrane\/\" tabindex=\"1\" data-target=\"_self\" class=\"linkarea clearfix accent5  background-transparent\">\n\t\t\t\t<div class=\"last\"><h3 style=\"text-align: center;\"><span style=\"color: #000000;\">Membrana Armor<\/span><\/h3>\n<p style=\"text-align: center;\"><span style=\"color: #000000;\">Membrana impermeabilizzante in polipropilene atattico da 4 mm prefabbricata, rinforzata con uno strato aggiuntivo di una rete in acciaio che fornisce ulteriore resistenza contro gli urti meccanici dovuti a carichi pesanti applicati.<\/span><\/p>\n<p style=\"text-align: center;\"><p class=\"textcenter\"><a style='font-size: 14px;' class=\"vamtam-button accent1  button-border hover-accent1 \"><span class=\"btext\" data-text=\"Per saperne di pi\u00f9\">Per saperne di pi\u00f9<\/span><\/a><\/p><\/div>\n\t<\/div><\/div><\/div><\/div>\n<div class=\"push \" style=\"height:30px\"><\/div>\n<div class=\"limit-wrapper\"><div class=\"row \"><div class=\"wpv-grid grid-1-1  first unextended no-extended-padding\" style=\"padding-top:0.05px;padding-bottom:0.05px;\" id=\"wpv-column-1856b6e18d23c7c417db891e98dbce10\" ><h1 style=\"text-align: center; color: white; background-color: #ff5200;\">CARATTERISTICHE<\/h1>\n<h4 id=\"pricing\" style=\"text-align: center;\"><span style=\"color: #000000;\">\u00a0Conosci meglio i nostri prodotti. Clicca sui file sottostanti per avere un&#8217;idea del know-how tecnico dei nostri sistemi impermeabili perfettamente progettati.<\/span><\/h4><\/div><\/div><\/div>\n<div class=\"limit-wrapper\"><div class=\"row \"><div class=\"wpv-grid grid-1-1  first unextended no-extended-padding\" style=\"padding-top:0.05px;padding-bottom:0.05px;\" id=\"wpv-column-21c7d26f3b208a293a7003041314a169\" ><\/section><\/div><\/div><\/div>\n<div class=\"limit-wrapper\"><div class=\"row \"><div class=\"wpv-grid grid-1-1 add-border first unextended animation-from-bottom animated-active has-extended-padding\" style=\"padding-top:0.05px;padding-bottom:0.05px;\" id=\"wpv-column-e407d55bc8553b4bde7dbd0778ebb32c\" ><div class=\"row \"><div class=\"wpv-grid grid-1-2  first unextended no-extended-padding\" style=\"padding-top:0.05px;padding-bottom:0.05px;\" id=\"wpv-column-27fc8bdce8fbe703668ed065a9ad68eb\" >\n<div  data-href=\"https:\/\/www.dekshield.com\/wp-content\/uploads\/2015\/12\/Proprietary-Deck-Waterproofing.pdf\" tabindex=\"1\" data-target=\"_self\" class=\"linkarea clearfix accent7  background-accent5\">\n\t\t\t\t<div class=\"last\"><table>\n<tbody>\n<tr>\n<td><div class=\"push \" style=\"height:10px\"><\/div> <span class='icon shortcode theme  use-hover' style='color:#153767;font-size:42px !important;'>&#57474;<\/span><\/td>\n<td>\n<h3><span style=\"color: #000000;\"><a style=\"color: #000000;\" href=\"https:\/\/www.dekshield.com\/wp-content\/uploads\/2015\/12\/Proprietary-Expansion-Joint-Waterproofing.pdf\">Sistema proprietario di impermeabilizzazione del giunto di espansione<\/a><\/span><\/h3>\n<\/td>\n<td><div class=\"push \" style=\"height:30px\"><\/div> <p class=\"textcenter\"><a href=\"https:\/\/www.dekshield.com\/wp-content\/uploads\/2015\/12\/Proprietary-Expansion-Joint-Waterproofing.pdf\" style='font-size: 14px;' class=\"vamtam-button accent1  button-border hover-accent1 \"><span class=\"btext\" data-text=\"DOWNLOAD\">DOWNLOAD<\/span><\/a><\/p><\/td>\n<\/tr>\n<\/tbody>\n<\/table><\/div>\n\t<\/div><\/div>\n<div class=\"wpv-grid grid-1-2  unextended no-extended-padding\" style=\"padding-top:0.05px;padding-bottom:0.05px;\" id=\"wpv-column-e2299366d5d88464a1485d16d6c90b54\" >\n<div  data-href=\"https:\/\/www.dekshield.com\/wp-content\/uploads\/2015\/12\/Non-Proprietary-Deck-Waterproofing.pdf\" tabindex=\"1\" data-target=\"_self\" class=\"linkarea clearfix accent7  background-accent5\">\n\t\t\t\t<div class=\"last\"><table>\n<tbody>\n<tr>\n<td><div class=\"push \" style=\"height:10px\"><\/div> <span class='icon shortcode theme  use-hover' style='color:#153767;font-size:42px !important;'>&#57474;<\/span><\/td>\n<td>\n<h3><span style=\"color: #000000;\"><a style=\"color: #000000;\" href=\"https:\/\/www.dekshield.com\/wp-content\/uploads\/2015\/12\/Non-Proprietary-Expansion-Joint-Waterproofing.pdf\">Sistema non proprietario di impermeabilizzazione del giunto di espansione<\/a><\/span><\/h3>\n<\/td>\n<td><div class=\"push \" style=\"height:30px\"><\/div> <p class=\"textcenter\"><a href=\"https:\/\/www.dekshield.com\/wp-content\/uploads\/2015\/12\/Non-Proprietary-Expansion-Joint-Waterproofing.pdf\" style='font-size: 14px;' class=\"vamtam-button accent1  button-border hover-accent1 \"><span class=\"btext\" data-text=\"DOWNLOAD\">DOWNLOAD<\/span><\/a><\/p><\/td>\n<\/tr>\n<\/tbody>\n<\/table><\/div>\n\t<\/div><\/div><\/div><\/div><\/div><\/div>\n","protected":false},"excerpt":{"rendered":"<p>PANORAMICA Per molti anni, il sistema di giunti a spina asfaltica \u00e8 stato utilizzato per impermeabilizzare piccoli ponti di movimento. Anche se il metodo \u00e8 molto vantaggioso, il sistema \u00e8 ancora suscettibile di perdite e provoca il deflusso di materiale fuori dal blocco nelle corsie di traffico. Per prevenire questo problema, DEK-SHIELD Infrastructure Solutions LLC&#8230;<\/p>\n","protected":false},"author":1,"featured_media":0,"parent":0,"menu_order":0,"comment_status":"closed","ping_status":"closed","template":"","meta":[],"_links":{"self":[{"href":"https:\/\/www.dekshield.com\/it\/wp-json\/wp\/v2\/pages\/14239\/"}],"collection":[{"href":"https:\/\/www.dekshield.com\/it\/wp-json\/wp\/v2\/pages\/"}],"about":[{"href":"https:\/\/www.dekshield.com\/it\/wp-json\/wp\/v2\/types\/page\/"}],"author":[{"embeddable":true,"href":"https:\/\/www.dekshield.com\/it\/wp-json\/wp\/v2\/users\/1\/"}],"replies":[{"embeddable":true,"href":"https:\/\/www.dekshield.com\/it\/wp-json\/wp\/v2\/comments\/?post=14239"}],"version-history":[{"count":2,"href":"https:\/\/www.dekshield.com\/it\/wp-json\/wp\/v2\/pages\/14239\/revisions\/"}],"predecessor-version":[{"id":14241,"href":"https:\/\/www.dekshield.com\/it\/wp-json\/wp\/v2\/pages\/14239\/revisions\/14241\/"}],"wp:attachment":[{"href":"https:\/\/www.dekshield.com\/it\/wp-json\/wp\/v2\/media\/?parent=14239"}],"curies":[{"name":"wp","href":"https:\/\/api.w.org\/{rel}","templated":true}]}}