{"id":14237,"date":"2018-03-14T23:49:20","date_gmt":"2018-03-15T04:49:20","guid":{"rendered":"https:\/\/www.dekshield.com\/?page_id=14237"},"modified":"2018-03-14T23:49:20","modified_gmt":"2018-03-15T04:49:20","slug":"sistema-dri-span","status":"publish","type":"page","link":"https:\/\/www.dekshield.com\/it\/sistema-dri-span\/","title":{"rendered":"Sistema Dri-Span"},"content":{"rendered":"<div class=\"row \"><div class=\"wpv-grid grid-1-1 move-into-slider wpv-first-level first has-background unextended has-extended-padding\" style=\"background-color:#ff5200;padding-top:0.05px;padding-bottom:40px;\" id=\"wpv-column-9f481278a4f26cb4eff12fd91cf3b709\" ><div class=\"extended-column-inner\"><style>#wpv-column-9f481278a4f26cb4eff12fd91cf3b709 p,#wpv-column-9f481278a4f26cb4eff12fd91cf3b709 em,#wpv-column-9f481278a4f26cb4eff12fd91cf3b709 h1,#wpv-column-9f481278a4f26cb4eff12fd91cf3b709 h2,#wpv-column-9f481278a4f26cb4eff12fd91cf3b709 h3,#wpv-column-9f481278a4f26cb4eff12fd91cf3b709 h4,#wpv-column-9f481278a4f26cb4eff12fd91cf3b709 h5,#wpv-column-9f481278a4f26cb4eff12fd91cf3b709 h6,#wpv-column-9f481278a4f26cb4eff12fd91cf3b709 .column-title,#wpv-column-9f481278a4f26cb4eff12fd91cf3b709 .sep-text h2.regular-title-wrapper,#wpv-column-9f481278a4f26cb4eff12fd91cf3b709 .text-divider-double,#wpv-column-9f481278a4f26cb4eff12fd91cf3b709 .sep-text .sep-text-line,#wpv-column-9f481278a4f26cb4eff12fd91cf3b709 .sep,#wpv-column-9f481278a4f26cb4eff12fd91cf3b709 .sep-2,#wpv-column-9f481278a4f26cb4eff12fd91cf3b709 .sep-3,#wpv-column-9f481278a4f26cb4eff12fd91cf3b709 td,#wpv-column-9f481278a4f26cb4eff12fd91cf3b709 th,#wpv-column-9f481278a4f26cb4eff12fd91cf3b709 caption{color:#fff;}#wpv-column-9f481278a4f26cb4eff12fd91cf3b709:before{background-color:transparent;}<\/style><div class=\"row \"><div class=\"wpv-grid grid-1-1  first unextended no-extended-padding\" style=\"padding-top:0.05px;padding-bottom:0.05px;\" id=\"wpv-column-c61bb0d5c88b65deef37e2d4dc873f3e\" ><\/div><\/div>\n<div class=\"push  wpv-hide-lowres\" style=\"height:0px\"><\/div>\n<img decoding=\"async\" loading=\"lazy\" class=\"aligncenter size-full wp-image-9830\" src=\"https:\/\/www.dekshield.com\/wp-content\/uploads\/2017\/11\/Dri-Span-System.png\" alt=\"cask\" width=\"300\" height=\"200\" \/><br \/>\n<div class=\"push  wpv-hide-lowres\" style=\"margin-bottom:-50px\"><\/div>\n<div class=\"row \"><div class=\"wpv-grid grid-1-1  wpv-first-level first unextended no-extended-padding\" style=\"padding-top:0.05px;padding-bottom:0.05px;\" id=\"wpv-column-e0e11d3dfd83ab9c2e6eaa132cc70def\" ><\/div><\/div>\n<section id=\"overview\"><\/div><\/div><\/div><div class=\"row \"><div class=\"wpv-grid grid-1-1  wpv-first-level first extended has-extended-padding\" style=\"padding-top:0.05px;padding-bottom:0.05px;\" id=\"wpv-column-0c8d28fb6ba3965ff6c62bc80bce9f57\" ><div class=\"limit-wrapper\"><div class=\"extended-column-inner\"><div class=\"row \"><div class=\"wpv-grid grid-1-2  first unextended no-extended-padding\" style=\"padding-top:0.05px;padding-bottom:0.05px;\" id=\"wpv-column-b1d954ea09f98c7bcf6ff8d807d684ae\" ><h1 style=\"text-align: center; color: white; background-color: #ff5200;\">PANORAMICA<\/h1>\n<h4 id=\"overview\" style=\"text-align: left;\"><\/h4>\n<h4 id=\"overview\" style=\"text-align: left;\"><span style=\"color: #000000;\">Il fatto che circa 70.000 ponti in America &#8211; uno su nove &#8211; siano considerati carenti dal punto di vista strutturale, la dice lunga sull&#8217;inefficienza delle infrastrutture nel nostro paese. Il deterioramento dei ponti in cemento \u00e8 uno dei problemi di manutenzione pi\u00f9 comuni, cosa che influisce sulla vita dei ponti stessi. Una delle cause alla base del deterioramento \u00e8 la penetrazione dell\u2019umidit\u00e0 e dei cloruri nel calcestruzzo, con la conseguente corrosione del rinforzo in acciaio.<\/span><\/h4>\n<h4 id=\"overview\" style=\"text-align: left;\"><span style=\"color: #000000;\">Per prevenire questo problema, Dek-Shield Infrastructure Solutions LLC ha progettato il sistema Dri-Span, un sistema impermeabile di protezione del calcestruzzo. \u00c8 un rimedio perfetto per questo tipo di problema. L&#8217;uso del sistema Dri-Span \u00e8 una soluzione che arrestare il deterioramento prevenendo l&#8217;infiltrazione di umidit\u00e0 e relativi danni ai cloruri. Tutto questo si ottiene impermeabilizzando la parte superiore del ponte in cemento utilizzando una barriera impenetrabile.<\/span><\/h4><\/div>\n<div class=\"wpv-grid grid-1-2  unextended no-extended-padding\" style=\"padding-top:0.05px;padding-bottom:0.05px;\" id=\"wpv-column-73a45ab5afc628ed569d3fa6bc0bd36c\" ><h1 style=\"text-align: center; color: white; background-color: #ff5200;\">VIDEO<\/h1>\n<div class=\"embed-container\"><iframe loading=\"lazy\" src=\"https:\/\/player.vimeo.com\/video\/170258614?title=0&amp;byline=0&amp;portrait=0\" width=\"640\" height=\"360\" frameborder=\"0\" allowfullscreen=\"allowfullscreen\"><\/iframe><\/div><\/div><\/div>\n<div class=\"push \" style=\"height:20px\"><\/div><\/div><\/div><\/div><\/div>\n<div class=\"limit-wrapper\"><div class=\"row \"><div class=\"wpv-grid grid-1-1  wpv-first-level first unextended animation-zoom-in animated-active no-extended-padding\" style=\"padding-top:0.05px;padding-bottom:0.05px;\" id=\"wpv-column-0e2551314f038395d730987bf20b6608\" ><h1 id=\"components\" style=\"text-align: center; color: white; center; background-color: #ff5200;\">COMPONENTI<\/h1>\n<h4 style=\"text-align: center;\">Il sistema Dri-Shield \u00e8 una combinazione di membrana impermeabilizzanti appositamente progettate, compatibili tra loro e con gli altri componenti della costruzione del ponte. Il sistema ha tre componenti principali.<\/h4><\/div><\/div><\/div>\n<div class=\"push \" style=\"height:15px\"><\/div>\n<div class=\"limit-wrapper\"><div class=\"row \"><div class=\"wpv-grid grid-1-3  wpv-first-level first unextended animation-from-bottom animated-active no-extended-padding\" style=\"padding-top:0.05px;padding-bottom:0.05px;\" id=\"wpv-column-f29873b5c9f862954e8215a3078f6391\" >\n<div  data-href=\"https:\/\/www.dekshield.com\/dri-prime\/\" tabindex=\"1\" data-target=\"_self\" class=\"linkarea clearfix accent5  background-transparent\">\n\t\t\t\t<div class=\"last\"><h3 style=\"text-align: center;\"><em><b>Dri-Prime<\/b><\/em><\/h3>\n<h5 style=\"text-align: center;\">Un rivestimento dall\u2019asciugatura rapida, utilizzato per preparare il substrato in calcestruzzo e migliorare l&#8217;adesione delle membrana impermeabili al ponte di coperta garantendo una base impermeabilizzante perfetta.<\/h5>\n<p style=\"text-align: center;\"><p class=\"textcenter\"><a style='font-size: 14px;' class=\"vamtam-button accent1  button-border hover-accent1 \"><span class=\"btext\" data-text=\"Per saperne di pi\u00f9\">Per saperne di pi\u00f9<\/span><\/a><\/p><\/div>\n\t<\/div><\/div>\n<div class=\"wpv-grid grid-1-3  wpv-first-level unextended animation-from-bottom animated-active no-extended-padding\" style=\"padding-top:0.05px;padding-bottom:0.05px;\" id=\"wpv-column-1a555cf47950fba85d69bd3d70d113d9\" >\n<div  data-href=\"https:\/\/www.dekshield.com\/dri-span-membrane\/\" tabindex=\"1\" data-target=\"_self\" class=\"linkarea clearfix accent5  background-transparent\">\n\t\t\t\t<div class=\"last\"><h3 style=\"text-align: center;\"><em><b>Membrana Dri-Span<\/b><\/em><\/h3>\n<h5 style=\"text-align: center;\">Membrana impermeabilizzante prefabbricata con uno spessore di 5mm sotto forma di rullo bituminoso modificato in <em>polipropilene atattico (APP)<\/em> rinforzato con poliestere. La finitura superiore \u00e8 sabbia silicea.<\/h5>\n<p style=\"text-align: center;\"><p class=\"textcenter\"><a style='font-size: 14px;' class=\"vamtam-button accent1  button-border hover-accent1 \"><span class=\"btext\" data-text=\"Per saperne di pi\u00f9\">Per saperne di pi\u00f9<\/span><\/a><\/p>\n<div class=\"push \" style=\"height:10px\"><\/div><\/div>\n\t<\/div><\/div>\n<div class=\"wpv-grid grid-1-3  wpv-first-level unextended animation-from-bottom animated-active no-extended-padding\" style=\"padding-top:0.05px;padding-bottom:0.05px;\" id=\"wpv-column-ccbbe2c67c53d4d2e79a62b79dd70a59\" >\n<div  data-href=\"https:\/\/www.dekshield.com\/flex-membrane\/\" tabindex=\"1\" data-target=\"_self\" class=\"linkarea clearfix accent5  background-transparent\">\n\t\t\t\t<div class=\"last\"><h3 style=\"text-align: center;\"><em><b>Membrana Flex<\/b><\/em><\/h3>\n<h5 style=\"text-align: center;\">Membrana impermeabilizzante a ponte morbida di 4 mm di spessore rinforzata con un tessuto non tessuto in fibra di poliestere continuo. Utilizzato per il lampeggio della linea di cordolo a causa delle superiori propriet\u00e0 di allungamento.<\/h5>\n<p style=\"text-align: center;\"><p class=\"textcenter\"><a style='font-size: 14px;' class=\"vamtam-button accent1  button-border hover-accent1 \"><span class=\"btext\" data-text=\"Per saperne di pi\u00f9\">Per saperne di pi\u00f9<\/span><\/a><\/p>\n<div class=\"push \" style=\"height:10px\"><\/div><\/div>\n\t<\/div><\/div><\/div><\/div>\n<div class=\"push \" style=\"height:30px\"><\/div>\n<div class=\"limit-wrapper\"><div class=\"row \"><div class=\"wpv-grid grid-1-1  wpv-first-level first unextended no-extended-padding\" style=\"padding-top:0.05px;padding-bottom:0.05px;\" id=\"wpv-column-c566152a109048db34cfde63284d425f\" ><h1 style=\"text-align: center; color: white; background-color: #ff5200;\">CARATTERISTICHE<\/h1>\n<h4 id=\"pricing\" style=\"text-align: center;\">Conosci meglio i nostri prodotti. Clicca sui file sottostanti per avere un&#8217;idea del know-how tecnico dei nostri sistemi impermeabili perfettamente progettati.<\/h4><\/div><\/div><\/div>\n<div class=\"limit-wrapper\"><div class=\"row \"><div class=\"wpv-grid grid-1-1  wpv-first-level first unextended no-extended-padding\" style=\"padding-top:0.05px;padding-bottom:0.05px;\" id=\"wpv-column-ea4ed0c8ad50a03c6c835c45cac75c0d\" ><\/section><\/div><\/div><\/div>\n<div class=\"limit-wrapper\"><div class=\"row \"><div class=\"wpv-grid grid-1-1 add-border wpv-first-level first unextended animation-from-bottom animated-active has-extended-padding\" style=\"padding-top:0.05px;padding-bottom:0.05px;\" id=\"wpv-column-0e86899cc518e753da715848952c2a6a\" ><div class=\"row \"><div class=\"wpv-grid grid-1-2  first unextended no-extended-padding\" style=\"padding-top:0.05px;padding-bottom:0.05px;\" id=\"wpv-column-2eb677a09726bf52cd6d321b44ea659b\" >\n<div  data-href=\"https:\/\/www.dekshield.com\/wp-content\/uploads\/2015\/12\/Proprietary-Deck-Waterproofing.pdf\" tabindex=\"1\" data-target=\"_self\" class=\"linkarea clearfix accent7  background-accent5\">\n\t\t\t\t<div class=\"last\"><table>\n<tbody>\n<tr>\n<td><div class=\"push \" style=\"height:10px\"><\/div> <span class='icon shortcode theme  use-hover' style='color:#153767;font-size:42px !important;'>&#57474;<\/span><\/td>\n<td>\n<h3><span style=\"color: #000000;\"><a href=\"https:\/\/www.dekshield.com\/wp-content\/uploads\/2015\/12\/Proprietary-Deck-Waterproofing.pdf\">Sistema proprietario di impermeabilizzazione del ponte<\/a><\/span><\/h3>\n<\/td>\n<td><div class=\"push \" style=\"height:30px\"><\/div> <p class=\"textcenter\"><a href=\"https:\/\/www.dekshield.com\/wp-content\/uploads\/2015\/12\/Proprietary-Deck-Waterproofing.pdf\" style='font-size: 12px;' class=\"vamtam-button accent1  button-border hover-accent1 \"><span class=\"btext\" data-text=\"DOWNLOAD\">DOWNLOAD<\/span><\/a><\/p><\/td>\n<\/tr>\n<\/tbody>\n<\/table><\/div>\n\t<\/div><\/div>\n<div class=\"wpv-grid grid-1-2  unextended no-extended-padding\" style=\"padding-top:0.05px;padding-bottom:0.05px;\" id=\"wpv-column-4e368df881c2a2f96880f87a7f718b8b\" >\n<div  data-href=\"https:\/\/www.dekshield.com\/wp-content\/uploads\/2015\/12\/Non-Proprietary-Deck-Waterproofing.pdf\" tabindex=\"1\" data-target=\"_self\" class=\"linkarea clearfix accent7  background-accent5\">\n\t\t\t\t<div class=\"last\"><table>\n<tbody>\n<tr>\n<td><div class=\"push \" style=\"height:10px\"><\/div> <span class='icon shortcode theme  use-hover' style='color:#153767;font-size:42px !important;'>&#57474;<\/span><\/td>\n<td>\n<h3><span style=\"color: #000000;\"><a href=\"https:\/\/www.dekshield.com\/wp-content\/uploads\/2015\/12\/Non-Proprietary-Deck-Waterproofing.pdf\">Sistema non proprietario di impermeabilizzazione del ponte<\/a><\/span><\/h3>\n<\/td>\n<td><div class=\"push \" style=\"height:30px\"><\/div> <p class=\"textcenter\"><a href=\"https:\/\/www.dekshield.com\/wp-content\/uploads\/2015\/12\/Non-Proprietary-Deck-Waterproofing.pdf\" style='font-size: 12px;' class=\"vamtam-button accent1  button-border hover-accent1 \"><span class=\"btext\" data-text=\"DOWNLOAD\">DOWNLOAD<\/span><\/a><\/p><\/td>\n<\/tr>\n<\/tbody>\n<\/table><\/div>\n\t<\/div><\/div><\/div><\/div><\/div><\/div>\n","protected":false},"excerpt":{"rendered":"<p>PANORAMICA Il fatto che circa 70.000 ponti in America &#8211; uno su nove &#8211; siano considerati carenti dal punto di vista strutturale, la dice lunga sull&#8217;inefficienza delle infrastrutture nel nostro paese. Il deterioramento dei ponti in cemento \u00e8 uno dei problemi di manutenzione pi\u00f9 comuni, cosa che influisce sulla vita dei ponti stessi. Una delle&#8230;<\/p>\n","protected":false},"author":1,"featured_media":0,"parent":0,"menu_order":0,"comment_status":"closed","ping_status":"closed","template":"","meta":[],"_links":{"self":[{"href":"https:\/\/www.dekshield.com\/it\/wp-json\/wp\/v2\/pages\/14237\/"}],"collection":[{"href":"https:\/\/www.dekshield.com\/it\/wp-json\/wp\/v2\/pages\/"}],"about":[{"href":"https:\/\/www.dekshield.com\/it\/wp-json\/wp\/v2\/types\/page\/"}],"author":[{"embeddable":true,"href":"https:\/\/www.dekshield.com\/it\/wp-json\/wp\/v2\/users\/1\/"}],"replies":[{"embeddable":true,"href":"https:\/\/www.dekshield.com\/it\/wp-json\/wp\/v2\/comments\/?post=14237"}],"version-history":[{"count":1,"href":"https:\/\/www.dekshield.com\/it\/wp-json\/wp\/v2\/pages\/14237\/revisions\/"}],"predecessor-version":[{"id":14238,"href":"https:\/\/www.dekshield.com\/it\/wp-json\/wp\/v2\/pages\/14237\/revisions\/14238\/"}],"wp:attachment":[{"href":"https:\/\/www.dekshield.com\/it\/wp-json\/wp\/v2\/media\/?parent=14237"}],"curies":[{"name":"wp","href":"https:\/\/api.w.org\/{rel}","templated":true}]}}